{"id":30258,"date":"2024-03-19T09:31:25","date_gmt":"2024-03-19T08:31:25","guid":{"rendered":"https:\/\/le-bocca.ch\/erlebnisse-events\/"},"modified":"2024-04-10T10:16:24","modified_gmt":"2024-04-10T08:16:24","slug":"erlebnisse-events","status":"publish","type":"page","link":"https:\/\/le-bocca.com\/de\/erlebnisse-events\/","title":{"rendered":"Erlebnisse &amp; Events"},"content":{"rendered":"\t\t<div data-elementor-type=\"wp-page\" data-elementor-id=\"30258\" class=\"elementor elementor-30258 elementor-29637\">\n\t\t\t\t<div class=\"elementor-element elementor-element-6c6176b e-con-full e-flex e-con e-parent\" data-id=\"6c6176b\" data-element_type=\"container\" data-e-type=\"container\" data-settings=\"{&quot;jet_parallax_layout_list&quot;:[],&quot;background_background&quot;:&quot;classic&quot;}\">\n\t\t\t\t<div class=\"elementor-element elementor-element-1c45af4 animated-slow elementor-invisible elementor-widget elementor-widget-image\" data-id=\"1c45af4\" data-element_type=\"widget\" data-e-type=\"widget\" data-settings=\"{&quot;raven_motion_effectssticky&quot;:&quot;top&quot;,&quot;raven_motion_effectssticky_offset&quot;:200,&quot;_animation&quot;:&quot;zoomIn&quot;,&quot;raven_motion_effects_scrolling&quot;:&quot;yes&quot;,&quot;raven_motion_effects_scale_fx&quot;:&quot;yes&quot;,&quot;raven_motion_effects_scale_fx_intensity&quot;:{&quot;unit&quot;:&quot;px&quot;,&quot;size&quot;:-3,&quot;sizes&quot;:[]},&quot;raven_motion_effects_scale_fx_direction&quot;:&quot;out-in&quot;,&quot;raven_motion_effects_scale_fx_viewport&quot;:{&quot;unit&quot;:&quot;%&quot;,&quot;size&quot;:&quot;&quot;,&quot;sizes&quot;:{&quot;start&quot;:20,&quot;end&quot;:80}},&quot;raven_motion_effects_devices&quot;:[&quot;desktop&quot;,&quot;tablet&quot;,&quot;mobile&quot;],&quot;raven_motion_effectssticky_on&quot;:[&quot;desktop&quot;,&quot;tablet&quot;,&quot;mobile&quot;],&quot;raven_motion_effectssticky_effects_offset&quot;:0}\" data-widget_type=\"image.default\">\n\t\t\t\t<div class=\"elementor-widget-container\">\n\t\t\t\t\t\t\t\t\t\t\t\t\t\t\t\t<a href=\"https:\/\/le-bocca.ch\/de\/reservierung\/\">\n\t\t\t\t\t\t\t<img fetchpriority=\"high\" decoding=\"async\" width=\"357\" height=\"357\" src=\"https:\/\/le-bocca.com\/wp-content\/uploads\/2024\/04\/Bouton_reservation.svg\" class=\"elementor-animation-grow attachment-large size-large wp-image-31109\" alt=\"Bouton reservation\" \/>\t\t\t\t\t\t\t\t<\/a>\n\t\t\t\t\t\t\t\t\t\t\t\t\t\t\t<\/div>\n\t\t\t\t<\/div>\n\t\t\t\t<\/div>\n\t\t<div class=\"elementor-element elementor-element-c4fb88b e-flex e-con-boxed e-con e-parent\" data-id=\"c4fb88b\" data-element_type=\"container\" data-e-type=\"container\" data-settings=\"{&quot;jet_parallax_layout_list&quot;:[]}\">\n\t\t\t\t\t<div class=\"e-con-inner\">\n\t\t\t\t<div class=\"elementor-element elementor-element-746264d elementor-invisible elementor-widget elementor-widget-heading\" data-id=\"746264d\" data-element_type=\"widget\" data-e-type=\"widget\" data-settings=\"{&quot;_animation&quot;:&quot;fadeInUp&quot;}\" data-widget_type=\"heading.default\">\n\t\t\t\t<div class=\"elementor-widget-container\">\n\t\t\t\t\t<h1 class=\"elementor-heading-title elementor-size-default\">Ihre zuk\u00fcnftigen Erfahrungen in Le Bocca<\/h1>\t\t\t\t<\/div>\n\t\t\t\t<\/div>\n\t\t\t\t<div class=\"elementor-element elementor-element-414e1a0 animated-slow elementor-widget-divider--view-line elementor-invisible elementor-widget elementor-widget-divider\" data-id=\"414e1a0\" data-element_type=\"widget\" data-e-type=\"widget\" data-settings=\"{&quot;_animation&quot;:&quot;fadeInUp&quot;}\" data-widget_type=\"divider.default\">\n\t\t\t\t<div class=\"elementor-widget-container\">\n\t\t\t\t\t\t\t<div class=\"elementor-divider\">\n\t\t\t<span class=\"elementor-divider-separator\">\n\t\t\t\t\t\t<\/span>\n\t\t<\/div>\n\t\t\t\t\t\t<\/div>\n\t\t\t\t<\/div>\n\t\t\t\t\t<\/div>\n\t\t\t\t<\/div>\n\t\t<div class=\"elementor-element elementor-element-061fad3 e-flex e-con-boxed e-con e-parent\" data-id=\"061fad3\" data-element_type=\"container\" data-e-type=\"container\" data-settings=\"{&quot;jet_parallax_layout_list&quot;:[]}\">\n\t\t\t\t\t<div class=\"e-con-inner\">\n\t\t<div class=\"elementor-element elementor-element-181349c e-con-full e-flex e-con e-child\" data-id=\"181349c\" data-element_type=\"container\" data-e-type=\"container\" data-settings=\"{&quot;jet_parallax_layout_list&quot;:[]}\">\n\t\t\t\t<div class=\"elementor-element elementor-element-8e2bedc elementor-invisible elementor-widget elementor-widget-text-editor\" data-id=\"8e2bedc\" data-element_type=\"widget\" data-e-type=\"widget\" data-settings=\"{&quot;_animation&quot;:&quot;fadeInLeft&quot;}\" data-widget_type=\"text-editor.default\">\n\t\t\t\t<div class=\"elementor-widget-container\">\n\t\t\t\t\t\t\t\t\t<p>Das Bocca war schon immer von eleganter Schlichtheit, das Ambiente ist raffiniert und entspannend. Kommen Sie und erleben Sie einen Moment des Genusses und der Gaumenfreuden.<\/p>\n\t\t\t\t\t\t\t\t<\/div>\n\t\t\t\t<\/div>\n\t\t\t\t<\/div>\n\t\t<div class=\"elementor-element elementor-element-e6ce9e0 e-con-full e-flex e-con e-child\" data-id=\"e6ce9e0\" data-element_type=\"container\" data-e-type=\"container\" data-settings=\"{&quot;jet_parallax_layout_list&quot;:[]}\">\n\t\t\t\t<div class=\"elementor-element elementor-element-1d825c0 elementor-invisible elementor-widget elementor-widget-image\" data-id=\"1d825c0\" data-element_type=\"widget\" data-e-type=\"widget\" data-settings=\"{&quot;_animation&quot;:&quot;fadeInRight&quot;}\" data-widget_type=\"image.default\">\n\t\t\t\t<div class=\"elementor-widget-container\">\n\t\t\t\t\t\t\t\t\t\t\t\t\t\t\t<img decoding=\"async\" width=\"1024\" height=\"683\" data-src=\"https:\/\/le-bocca.com\/wp-content\/uploads\/2024\/04\/Experience-Le-Bocca-1024x683.jpg\" class=\"attachment-large size-large wp-image-31259 lazyload\" alt=\"Expe\u0301rience Le Bocca\" data-srcset=\"https:\/\/le-bocca.com\/wp-content\/uploads\/2024\/04\/Experience-Le-Bocca-1024x683.jpg 1024w, https:\/\/le-bocca.com\/wp-content\/uploads\/2024\/04\/Experience-Le-Bocca-300x200.jpg 300w, https:\/\/le-bocca.com\/wp-content\/uploads\/2024\/04\/Experience-Le-Bocca-768x512.jpg 768w, https:\/\/le-bocca.com\/wp-content\/uploads\/2024\/04\/Experience-Le-Bocca.jpg 1200w\" data-sizes=\"(max-width: 1024px) 100vw, 1024px\" src=\"data:image\/svg+xml;base64,PHN2ZyB3aWR0aD0iMSIgaGVpZ2h0PSIxIiB4bWxucz0iaHR0cDovL3d3dy53My5vcmcvMjAwMC9zdmciPjwvc3ZnPg==\" style=\"--smush-placeholder-width: 1024px; --smush-placeholder-aspect-ratio: 1024\/683;\" \/>\t\t\t\t\t\t\t\t\t\t\t\t\t\t\t<\/div>\n\t\t\t\t<\/div>\n\t\t\t\t<div class=\"elementor-element elementor-element-484d236 elementor-absolute animated-slow elementor-invisible elementor-widget elementor-widget-image\" data-id=\"484d236\" data-element_type=\"widget\" data-e-type=\"widget\" data-settings=\"{&quot;_position&quot;:&quot;absolute&quot;,&quot;_animation&quot;:&quot;fadeInRight&quot;,&quot;_animation_delay&quot;:500}\" data-widget_type=\"image.default\">\n\t\t\t\t<div class=\"elementor-widget-container\">\n\t\t\t\t\t\t\t\t\t\t\t\t\t\t\t<img decoding=\"async\" width=\"1024\" height=\"683\" data-src=\"https:\/\/le-bocca.com\/wp-content\/uploads\/2024\/04\/Le-BOCCA-Neuchatel-1024x683.jpg\" class=\"attachment-large size-large wp-image-31281 lazyload\" alt=\"Le BOCCA Neuchatel\" data-srcset=\"https:\/\/le-bocca.com\/wp-content\/uploads\/2024\/04\/Le-BOCCA-Neuchatel-1024x683.jpg 1024w, https:\/\/le-bocca.com\/wp-content\/uploads\/2024\/04\/Le-BOCCA-Neuchatel-300x200.jpg 300w, https:\/\/le-bocca.com\/wp-content\/uploads\/2024\/04\/Le-BOCCA-Neuchatel-768x512.jpg 768w, https:\/\/le-bocca.com\/wp-content\/uploads\/2024\/04\/Le-BOCCA-Neuchatel.jpg 1200w\" data-sizes=\"(max-width: 1024px) 100vw, 1024px\" src=\"data:image\/svg+xml;base64,PHN2ZyB3aWR0aD0iMSIgaGVpZ2h0PSIxIiB4bWxucz0iaHR0cDovL3d3dy53My5vcmcvMjAwMC9zdmciPjwvc3ZnPg==\" style=\"--smush-placeholder-width: 1024px; --smush-placeholder-aspect-ratio: 1024\/683;\" \/>\t\t\t\t\t\t\t\t\t\t\t\t\t\t\t<\/div>\n\t\t\t\t<\/div>\n\t\t\t\t<\/div>\n\t\t\t\t\t<\/div>\n\t\t\t\t<\/div>\n\t\t<div class=\"elementor-element elementor-element-415e1df e-con-full e-flex e-con e-parent\" data-id=\"415e1df\" data-element_type=\"container\" data-e-type=\"container\" data-settings=\"{&quot;jet_parallax_layout_list&quot;:[]}\">\n\t\t<div class=\"elementor-element elementor-element-26a58c3 e-con-full e-flex e-con e-child\" data-id=\"26a58c3\" data-element_type=\"container\" data-e-type=\"container\" data-settings=\"{&quot;jet_parallax_layout_list&quot;:[]}\">\n\t\t\t\t<div class=\"elementor-element elementor-element-82e91ef animated-slow elementor-invisible elementor-widget elementor-widget-image\" data-id=\"82e91ef\" data-element_type=\"widget\" data-e-type=\"widget\" data-settings=\"{&quot;_animation&quot;:&quot;fadeInLeft&quot;}\" data-widget_type=\"image.default\">\n\t\t\t\t<div class=\"elementor-widget-container\">\n\t\t\t\t\t\t\t\t\t\t\t\t\t\t\t<img decoding=\"async\" width=\"1024\" height=\"683\" data-src=\"https:\/\/le-bocca.com\/wp-content\/uploads\/2024\/03\/BOCCA-TERRASSE_2-1024x683.jpg\" class=\"attachment-large size-large wp-image-30224 lazyload\" alt=\"BOCCA TERRASSE\" data-srcset=\"https:\/\/le-bocca.com\/wp-content\/uploads\/2024\/03\/BOCCA-TERRASSE_2-1024x683.jpg 1024w, https:\/\/le-bocca.com\/wp-content\/uploads\/2024\/03\/BOCCA-TERRASSE_2-300x200.jpg 300w, https:\/\/le-bocca.com\/wp-content\/uploads\/2024\/03\/BOCCA-TERRASSE_2-768x512.jpg 768w, https:\/\/le-bocca.com\/wp-content\/uploads\/2024\/03\/BOCCA-TERRASSE_2-1536x1024.jpg 1536w, https:\/\/le-bocca.com\/wp-content\/uploads\/2024\/03\/BOCCA-TERRASSE_2-2048x1365.jpg 2048w\" data-sizes=\"(max-width: 1024px) 100vw, 1024px\" src=\"data:image\/svg+xml;base64,PHN2ZyB3aWR0aD0iMSIgaGVpZ2h0PSIxIiB4bWxucz0iaHR0cDovL3d3dy53My5vcmcvMjAwMC9zdmciPjwvc3ZnPg==\" style=\"--smush-placeholder-width: 1024px; --smush-placeholder-aspect-ratio: 1024\/683;\" \/>\t\t\t\t\t\t\t\t\t\t\t\t\t\t\t<\/div>\n\t\t\t\t<\/div>\n\t\t\t\t<div class=\"elementor-element elementor-element-5d39d07 elementor-absolute animated-slow elementor-invisible elementor-widget elementor-widget-image\" data-id=\"5d39d07\" data-element_type=\"widget\" data-e-type=\"widget\" data-settings=\"{&quot;_position&quot;:&quot;absolute&quot;,&quot;_animation&quot;:&quot;fadeInUp&quot;,&quot;_animation_delay&quot;:300}\" data-widget_type=\"image.default\">\n\t\t\t\t<div class=\"elementor-widget-container\">\n\t\t\t\t\t\t\t\t\t\t\t\t\t\t\t<img decoding=\"async\" width=\"1024\" height=\"859\" data-src=\"https:\/\/le-bocca.com\/wp-content\/uploads\/2024\/03\/Groupe-de-masques-2-1024x859.png\" class=\"attachment-large size-large wp-image-30184 lazyload\" alt=\"\" data-srcset=\"https:\/\/le-bocca.com\/wp-content\/uploads\/2024\/03\/Groupe-de-masques-2-1024x859.png 1024w, https:\/\/le-bocca.com\/wp-content\/uploads\/2024\/03\/Groupe-de-masques-2-300x252.png 300w, https:\/\/le-bocca.com\/wp-content\/uploads\/2024\/03\/Groupe-de-masques-2-768x644.png 768w, https:\/\/le-bocca.com\/wp-content\/uploads\/2024\/03\/Groupe-de-masques-2.png 1056w\" data-sizes=\"(max-width: 1024px) 100vw, 1024px\" src=\"data:image\/svg+xml;base64,PHN2ZyB3aWR0aD0iMSIgaGVpZ2h0PSIxIiB4bWxucz0iaHR0cDovL3d3dy53My5vcmcvMjAwMC9zdmciPjwvc3ZnPg==\" style=\"--smush-placeholder-width: 1024px; --smush-placeholder-aspect-ratio: 1024\/859;\" \/>\t\t\t\t\t\t\t\t\t\t\t\t\t\t\t<\/div>\n\t\t\t\t<\/div>\n\t\t\t\t<\/div>\n\t\t<div class=\"elementor-element elementor-element-79c490b e-con-full e-flex e-con e-child\" data-id=\"79c490b\" data-element_type=\"container\" data-e-type=\"container\" data-settings=\"{&quot;jet_parallax_layout_list&quot;:[]}\">\n\t\t\t\t<div class=\"elementor-element elementor-element-41d8dc8 animated-slow elementor-invisible elementor-widget elementor-widget-text-editor\" data-id=\"41d8dc8\" data-element_type=\"widget\" data-e-type=\"widget\" data-settings=\"{&quot;_animation&quot;:&quot;fadeInRight&quot;}\" data-widget_type=\"text-editor.default\">\n\t\t\t\t<div class=\"elementor-widget-container\">\n\t\t\t\t\t\t\t\t\t<p>Um sich vor neugierigen Blicken zu verbergen, ist unsere Terrasse vollst\u00e4ndig begr\u00fcnt, um einen intimen Raum zu schaffen, der eine Einladung zum Entspannen ist. Man findet sich dort au\u00dferhalb der Zeit wieder.<\/p>\n\t\t\t\t\t\t\t\t<\/div>\n\t\t\t\t<\/div>\n\t\t\t\t<\/div>\n\t\t\t\t<\/div>\n\t\t<div class=\"elementor-element elementor-element-184395a e-flex e-con-boxed e-con e-parent\" data-id=\"184395a\" data-element_type=\"container\" data-e-type=\"container\" data-settings=\"{&quot;jet_parallax_layout_list&quot;:[]}\">\n\t\t\t\t\t<div class=\"e-con-inner\">\n\t\t<div class=\"elementor-element elementor-element-9aed164 e-con-full e-flex e-con e-child\" data-id=\"9aed164\" data-element_type=\"container\" data-e-type=\"container\" data-settings=\"{&quot;jet_parallax_layout_list&quot;:[]}\">\n\t\t\t\t<div class=\"elementor-element elementor-element-b7261c6 animated-slow elementor-invisible elementor-widget elementor-widget-text-editor\" data-id=\"b7261c6\" data-element_type=\"widget\" data-e-type=\"widget\" data-settings=\"{&quot;_animation&quot;:&quot;fadeInLeft&quot;}\" data-widget_type=\"text-editor.default\">\n\t\t\t\t<div class=\"elementor-widget-container\">\n\t\t\t\t\t\t\t\t\t<p>M\u00f6chten Sie den Aperitif mit Ihren G\u00e4sten an diesem magischen Ort genie\u00dfen, der ganz von der Poesie der gro\u00dfen Weine gepr\u00e4gt ist? Beantragen Sie dies zum Zeitpunkt Ihrer Buchung. Wir w\u00fcrden uns freuen, Ihnen diesen geheimen Garten zu \u00f6ffnen, den Fr\u00e9d\u00e9ric Masi, unser Saalbetreuer, so liebevoll pflegt.<\/p>\n\t\t\t\t\t\t\t\t<\/div>\n\t\t\t\t<\/div>\n\t\t\t\t<div class=\"elementor-element elementor-element-27ed05f elementor-invisible elementor-widget elementor-widget-text-editor\" data-id=\"27ed05f\" data-element_type=\"widget\" data-e-type=\"widget\" data-settings=\"{&quot;_animation&quot;:&quot;fadeInLeft&quot;,&quot;_animation_delay&quot;:500}\" data-widget_type=\"text-editor.default\">\n\t\t\t\t<div class=\"elementor-widget-container\">\n\t\t\t\t\t\t\t\t\t<p>*Der Weinkeller kann 2 bis maximal 10 Personen aufnehmen.<\/p>\n\t\t\t\t\t\t\t\t<\/div>\n\t\t\t\t<\/div>\n\t\t\t\t<div class=\"elementor-element elementor-element-974181b elementor-invisible elementor-widget elementor-widget-text-editor\" data-id=\"974181b\" data-element_type=\"widget\" data-e-type=\"widget\" data-settings=\"{&quot;_animation&quot;:&quot;fadeInLeft&quot;,&quot;_animation_delay&quot;:700}\" data-widget_type=\"text-editor.default\">\n\t\t\t\t<div class=\"elementor-widget-container\">\n\t\t\t\t\t\t\t\t\t<p>Unser Weinkeller spiegelt den Reichtum und die Vielfalt der Weinberge in der Schweiz sowie in unseren Nachbarl\u00e4ndern wider. Unsere 500 Referenzen zeugen von der Verpflichtung zur Exzellenz und bieten den G\u00e4sten eine vielf\u00e4ltige Palette, um ihre Mahlzeiten zu begleiten, sei es f\u00fcr die Kenner oder diejenigen, die neue Geschmacksrichtungen entdecken m\u00f6chten.<\/p>\n\t\t\t\t\t\t\t\t<\/div>\n\t\t\t\t<\/div>\n\t\t\t\t<\/div>\n\t\t<div class=\"elementor-element elementor-element-2eb8a20 e-con-full e-flex e-con e-child\" data-id=\"2eb8a20\" data-element_type=\"container\" data-e-type=\"container\" data-settings=\"{&quot;jet_parallax_layout_list&quot;:[]}\">\n\t\t\t\t<div class=\"elementor-element elementor-element-c019acb elementor-invisible elementor-widget elementor-widget-image\" data-id=\"c019acb\" data-element_type=\"widget\" data-e-type=\"widget\" data-settings=\"{&quot;_animation&quot;:&quot;fadeInRight&quot;}\" data-widget_type=\"image.default\">\n\t\t\t\t<div class=\"elementor-widget-container\">\n\t\t\t\t\t\t\t\t\t\t\t\t\t\t\t<img decoding=\"async\" width=\"1024\" height=\"683\" data-src=\"https:\/\/le-bocca.com\/wp-content\/uploads\/2024\/03\/Le-Bocca-3L7A9972-web-1024x683.jpg\" class=\"attachment-large size-large wp-image-30670 lazyload\" alt=\"Bocca cave \u00e0 vin\" data-srcset=\"https:\/\/le-bocca.com\/wp-content\/uploads\/2024\/03\/Le-Bocca-3L7A9972-web-1024x683.jpg 1024w, https:\/\/le-bocca.com\/wp-content\/uploads\/2024\/03\/Le-Bocca-3L7A9972-web-300x200.jpg 300w, https:\/\/le-bocca.com\/wp-content\/uploads\/2024\/03\/Le-Bocca-3L7A9972-web-768x512.jpg 768w, https:\/\/le-bocca.com\/wp-content\/uploads\/2024\/03\/Le-Bocca-3L7A9972-web.jpg 1500w\" data-sizes=\"(max-width: 1024px) 100vw, 1024px\" src=\"data:image\/svg+xml;base64,PHN2ZyB3aWR0aD0iMSIgaGVpZ2h0PSIxIiB4bWxucz0iaHR0cDovL3d3dy53My5vcmcvMjAwMC9zdmciPjwvc3ZnPg==\" style=\"--smush-placeholder-width: 1024px; --smush-placeholder-aspect-ratio: 1024\/683;\" \/>\t\t\t\t\t\t\t\t\t\t\t\t\t\t\t<\/div>\n\t\t\t\t<\/div>\n\t\t\t\t<\/div>\n\t\t\t\t\t<\/div>\n\t\t\t\t<\/div>\n\t\t<div class=\"elementor-element elementor-element-dcdf301 e-flex e-con-boxed e-con e-parent\" data-id=\"dcdf301\" data-element_type=\"container\" data-e-type=\"container\" data-settings=\"{&quot;jet_parallax_layout_list&quot;:[]}\">\n\t\t\t\t\t<div class=\"e-con-inner\">\n\t\t\t\t<div class=\"elementor-element elementor-element-a8bc45d elementor-invisible elementor-widget elementor-widget-heading\" data-id=\"a8bc45d\" data-element_type=\"widget\" data-e-type=\"widget\" data-settings=\"{&quot;_animation&quot;:&quot;fadeInUp&quot;}\" data-widget_type=\"heading.default\">\n\t\t\t\t<div class=\"elementor-widget-container\">\n\t\t\t\t\t<h2 class=\"elementor-heading-title elementor-size-default\">F\u00fcr Ihre Veranstaltungen<\/h2>\t\t\t\t<\/div>\n\t\t\t\t<\/div>\n\t\t\t\t<div class=\"elementor-element elementor-element-d00d2a0 animated-slow elementor-widget-divider--view-line elementor-invisible elementor-widget elementor-widget-divider\" data-id=\"d00d2a0\" data-element_type=\"widget\" data-e-type=\"widget\" data-settings=\"{&quot;_animation&quot;:&quot;fadeInUp&quot;}\" data-widget_type=\"divider.default\">\n\t\t\t\t<div class=\"elementor-widget-container\">\n\t\t\t\t\t\t\t<div class=\"elementor-divider\">\n\t\t\t<span class=\"elementor-divider-separator\">\n\t\t\t\t\t\t<\/span>\n\t\t<\/div>\n\t\t\t\t\t\t<\/div>\n\t\t\t\t<\/div>\n\t\t\t\t\t<\/div>\n\t\t\t\t<\/div>\n\t\t<div class=\"elementor-element elementor-element-440eaec e-flex e-con-boxed e-con e-parent\" data-id=\"440eaec\" data-element_type=\"container\" data-e-type=\"container\" data-settings=\"{&quot;jet_parallax_layout_list&quot;:[]}\">\n\t\t\t\t\t<div class=\"e-con-inner\">\n\t\t<div class=\"elementor-element elementor-element-e1032d5 e-con-full e-flex e-con e-child\" data-id=\"e1032d5\" data-element_type=\"container\" data-e-type=\"container\" data-settings=\"{&quot;jet_parallax_layout_list&quot;:[]}\">\n\t\t\t\t<div class=\"elementor-element elementor-element-38dd013 elementor-invisible elementor-widget elementor-widget-image\" data-id=\"38dd013\" data-element_type=\"widget\" data-e-type=\"widget\" data-settings=\"{&quot;_animation&quot;:&quot;fadeInLeft&quot;}\" data-widget_type=\"image.default\">\n\t\t\t\t<div class=\"elementor-widget-container\">\n\t\t\t\t\t\t\t\t\t\t\t\t\t\t\t<img decoding=\"async\" width=\"1024\" height=\"683\" data-src=\"https:\/\/le-bocca.com\/wp-content\/uploads\/2024\/03\/Le-Bocca_Z1A5974-web-1024x683.jpg\" class=\"attachment-large size-large wp-image-30662 lazyload\" alt=\"BOCCA PLAT 3\" data-srcset=\"https:\/\/le-bocca.com\/wp-content\/uploads\/2024\/03\/Le-Bocca_Z1A5974-web-1024x683.jpg 1024w, https:\/\/le-bocca.com\/wp-content\/uploads\/2024\/03\/Le-Bocca_Z1A5974-web-300x200.jpg 300w, https:\/\/le-bocca.com\/wp-content\/uploads\/2024\/03\/Le-Bocca_Z1A5974-web-768x512.jpg 768w, https:\/\/le-bocca.com\/wp-content\/uploads\/2024\/03\/Le-Bocca_Z1A5974-web.jpg 1500w\" data-sizes=\"(max-width: 1024px) 100vw, 1024px\" src=\"data:image\/svg+xml;base64,PHN2ZyB3aWR0aD0iMSIgaGVpZ2h0PSIxIiB4bWxucz0iaHR0cDovL3d3dy53My5vcmcvMjAwMC9zdmciPjwvc3ZnPg==\" style=\"--smush-placeholder-width: 1024px; --smush-placeholder-aspect-ratio: 1024\/683;\" \/>\t\t\t\t\t\t\t\t\t\t\t\t\t\t\t<\/div>\n\t\t\t\t<\/div>\n\t\t\t\t<div class=\"elementor-element elementor-element-b181cc3 elementor-absolute elementor-invisible elementor-widget elementor-widget-image\" data-id=\"b181cc3\" data-element_type=\"widget\" data-e-type=\"widget\" data-settings=\"{&quot;_position&quot;:&quot;absolute&quot;,&quot;_animation&quot;:&quot;fadeInUp&quot;}\" data-widget_type=\"image.default\">\n\t\t\t\t<div class=\"elementor-widget-container\">\n\t\t\t\t\t\t\t\t\t\t\t\t\t\t\t<img decoding=\"async\" width=\"411\" height=\"280\" data-src=\"https:\/\/le-bocca.com\/wp-content\/uploads\/2024\/03\/Groupe-de-masques-3.png\" class=\"attachment-large size-large wp-image-30188 lazyload\" alt=\"\" data-srcset=\"https:\/\/le-bocca.com\/wp-content\/uploads\/2024\/03\/Groupe-de-masques-3.png 411w, https:\/\/le-bocca.com\/wp-content\/uploads\/2024\/03\/Groupe-de-masques-3-300x204.png 300w\" data-sizes=\"(max-width: 411px) 100vw, 411px\" src=\"data:image\/svg+xml;base64,PHN2ZyB3aWR0aD0iMSIgaGVpZ2h0PSIxIiB4bWxucz0iaHR0cDovL3d3dy53My5vcmcvMjAwMC9zdmciPjwvc3ZnPg==\" style=\"--smush-placeholder-width: 411px; --smush-placeholder-aspect-ratio: 411\/280;\" \/>\t\t\t\t\t\t\t\t\t\t\t\t\t\t\t<\/div>\n\t\t\t\t<\/div>\n\t\t\t\t<\/div>\n\t\t<div class=\"elementor-element elementor-element-ca9e182 e-con-full e-flex e-con e-child\" data-id=\"ca9e182\" data-element_type=\"container\" data-e-type=\"container\" data-settings=\"{&quot;jet_parallax_layout_list&quot;:[]}\">\n\t\t\t\t<div class=\"elementor-element elementor-element-eddae83 elementor-invisible elementor-widget elementor-widget-text-editor\" data-id=\"eddae83\" data-element_type=\"widget\" data-e-type=\"widget\" data-settings=\"{&quot;_animation&quot;:&quot;fadeInRight&quot;}\" data-widget_type=\"text-editor.default\">\n\t\t\t\t<div class=\"elementor-widget-container\">\n\t\t\t\t\t\t\t\t\t<p>Unser Lokal eignet sich f\u00fcr gro\u00dfe Tische oder sogar Gruppen f\u00fcr Seminare, Hochzeiten oder andere Veranstaltungen. Wir h\u00f6ren Ihnen zu, um Ihnen und Ihren G\u00e4sten das Erlebnis zu bieten, das Ihren Bed\u00fcrfnissen am besten entspricht.<\/p>\n\t\t\t\t\t\t\t\t<\/div>\n\t\t\t\t<\/div>\n\t\t\t\t<div class=\"elementor-element elementor-element-9c8ae42 elementor-invisible elementor-widget elementor-widget-text-editor\" data-id=\"9c8ae42\" data-element_type=\"widget\" data-e-type=\"widget\" data-settings=\"{&quot;_animation&quot;:&quot;fadeInRight&quot;}\" data-widget_type=\"text-editor.default\">\n\t\t\t\t<div class=\"elementor-widget-container\">\n\t\t\t\t\t\t\t\t\t<p>*Es ist m\u00f6glich, das Restaurant und die Terrasse ab einer Mindestanzahl von 25 G\u00e4sten zu privatisieren.<\/p>\n\t\t\t\t\t\t\t\t<\/div>\n\t\t\t\t<\/div>\n\t\t\t\t<\/div>\n\t\t\t\t\t<\/div>\n\t\t\t\t<\/div>\n\t\t\t\t<\/div>\n\t\t","protected":false},"excerpt":{"rendered":"<p>Ihre zuk\u00fcnftigen Erfahrungen in Le Bocca Das Bocca war schon immer von eleganter Schlichtheit, das Ambiente ist raffiniert und entspannend. Kommen Sie und erleben Sie einen Moment des Genusses und der Gaumenfreuden. Um sich vor neugierigen Blicken zu verbergen, ist unsere Terrasse vollst\u00e4ndig begr\u00fcnt, um einen intimen Raum zu schaffen, der eine Einladung zum Entspannen [&hellip;]<\/p>\n","protected":false},"author":1,"featured_media":0,"parent":0,"menu_order":0,"comment_status":"closed","ping_status":"closed","template":"elementor_header_footer","meta":{"_acf_changed":false,"footnotes":""},"class_list":["post-30258","page","type-page","status-publish","hentry"],"acf":[],"_links":{"self":[{"href":"https:\/\/le-bocca.com\/de\/wp-json\/wp\/v2\/pages\/30258","targetHints":{"allow":["GET"]}}],"collection":[{"href":"https:\/\/le-bocca.com\/de\/wp-json\/wp\/v2\/pages"}],"about":[{"href":"https:\/\/le-bocca.com\/de\/wp-json\/wp\/v2\/types\/page"}],"author":[{"embeddable":true,"href":"https:\/\/le-bocca.com\/de\/wp-json\/wp\/v2\/users\/1"}],"replies":[{"embeddable":true,"href":"https:\/\/le-bocca.com\/de\/wp-json\/wp\/v2\/comments?post=30258"}],"version-history":[{"count":0,"href":"https:\/\/le-bocca.com\/de\/wp-json\/wp\/v2\/pages\/30258\/revisions"}],"wp:attachment":[{"href":"https:\/\/le-bocca.com\/de\/wp-json\/wp\/v2\/media?parent=30258"}],"curies":[{"name":"wp","href":"https:\/\/api.w.org\/{rel}","templated":true}]}}