{"id":30294,"date":"2024-03-19T10:24:46","date_gmt":"2024-03-19T09:24:46","guid":{"rendered":"https:\/\/le-bocca.ch\/transmission\/"},"modified":"2025-06-10T21:05:47","modified_gmt":"2025-06-10T19:05:47","slug":"transmission","status":"publish","type":"page","link":"https:\/\/le-bocca.com\/de\/transmission\/","title":{"rendered":"Transmission"},"content":{"rendered":"\t\t<div data-elementor-type=\"wp-page\" data-elementor-id=\"30294\" class=\"elementor elementor-30294 elementor-29666\">\n\t\t\t\t<div class=\"elementor-element elementor-element-6c6176b e-con-full e-flex e-con e-parent\" data-id=\"6c6176b\" data-element_type=\"container\" data-e-type=\"container\" data-settings=\"{&quot;jet_parallax_layout_list&quot;:[],&quot;background_background&quot;:&quot;classic&quot;}\">\n\t\t\t\t<div class=\"elementor-element elementor-element-78fab85 animated-slow elementor-invisible elementor-widget elementor-widget-image\" data-id=\"78fab85\" data-element_type=\"widget\" data-e-type=\"widget\" data-settings=\"{&quot;raven_motion_effectssticky&quot;:&quot;top&quot;,&quot;raven_motion_effectssticky_offset&quot;:200,&quot;_animation&quot;:&quot;zoomIn&quot;,&quot;raven_motion_effects_scrolling&quot;:&quot;yes&quot;,&quot;raven_motion_effects_scale_fx&quot;:&quot;yes&quot;,&quot;raven_motion_effects_scale_fx_intensity&quot;:{&quot;unit&quot;:&quot;px&quot;,&quot;size&quot;:-3,&quot;sizes&quot;:[]},&quot;raven_motion_effects_scale_fx_direction&quot;:&quot;out-in&quot;,&quot;raven_motion_effects_scale_fx_viewport&quot;:{&quot;unit&quot;:&quot;%&quot;,&quot;size&quot;:&quot;&quot;,&quot;sizes&quot;:{&quot;start&quot;:20,&quot;end&quot;:80}},&quot;raven_motion_effects_devices&quot;:[&quot;desktop&quot;,&quot;tablet&quot;,&quot;mobile&quot;],&quot;raven_motion_effectssticky_on&quot;:[&quot;desktop&quot;,&quot;tablet&quot;,&quot;mobile&quot;],&quot;raven_motion_effectssticky_effects_offset&quot;:0}\" data-widget_type=\"image.default\">\n\t\t\t\t<div class=\"elementor-widget-container\">\n\t\t\t\t\t\t\t\t\t\t\t\t\t\t\t\t<a href=\"https:\/\/le-bocca.ch\/de\/reservierung\/\">\n\t\t\t\t\t\t\t<img fetchpriority=\"high\" decoding=\"async\" width=\"357\" height=\"357\" src=\"https:\/\/le-bocca.com\/wp-content\/uploads\/2024\/04\/Bouton_reservation.svg\" class=\"elementor-animation-grow attachment-large size-large wp-image-31109\" alt=\"Bouton reservation\" \/>\t\t\t\t\t\t\t\t<\/a>\n\t\t\t\t\t\t\t\t\t\t\t\t\t\t\t<\/div>\n\t\t\t\t<\/div>\n\t\t\t\t<\/div>\n\t\t<div class=\"elementor-element elementor-element-c4fb88b e-flex e-con-boxed e-con e-parent\" data-id=\"c4fb88b\" data-element_type=\"container\" data-e-type=\"container\" data-settings=\"{&quot;jet_parallax_layout_list&quot;:[]}\">\n\t\t\t\t\t<div class=\"e-con-inner\">\n\t\t\t\t<div class=\"elementor-element elementor-element-746264d animated-slow elementor-invisible elementor-widget elementor-widget-heading\" data-id=\"746264d\" data-element_type=\"widget\" data-e-type=\"widget\" data-settings=\"{&quot;_animation&quot;:&quot;fadeInUp&quot;}\" data-widget_type=\"heading.default\">\n\t\t\t\t<div class=\"elementor-widget-container\">\n\t\t\t\t\t<h1 class=\"elementor-heading-title elementor-size-default\">Alexandre Luquet &amp; Ana Ronc<\/h1>\t\t\t\t<\/div>\n\t\t\t\t<\/div>\n\t\t\t\t<div class=\"elementor-element elementor-element-19e946c animated-slow elementor-widget-divider--view-line elementor-invisible elementor-widget elementor-widget-divider\" data-id=\"19e946c\" data-element_type=\"widget\" data-e-type=\"widget\" data-settings=\"{&quot;_animation&quot;:&quot;fadeInUp&quot;}\" data-widget_type=\"divider.default\">\n\t\t\t\t<div class=\"elementor-widget-container\">\n\t\t\t\t\t\t\t<div class=\"elementor-divider\">\n\t\t\t<span class=\"elementor-divider-separator\">\n\t\t\t\t\t\t<\/span>\n\t\t<\/div>\n\t\t\t\t\t\t<\/div>\n\t\t\t\t<\/div>\n\t\t\t\t\t<\/div>\n\t\t\t\t<\/div>\n\t\t<div class=\"elementor-element elementor-element-061fad3 e-flex e-con-boxed e-con e-parent\" data-id=\"061fad3\" data-element_type=\"container\" data-e-type=\"container\" data-settings=\"{&quot;jet_parallax_layout_list&quot;:[]}\">\n\t\t\t\t\t<div class=\"e-con-inner\">\n\t\t<div class=\"elementor-element elementor-element-181349c e-con-full e-flex e-con e-child\" data-id=\"181349c\" data-element_type=\"container\" data-e-type=\"container\" data-settings=\"{&quot;jet_parallax_layout_list&quot;:[]}\">\n\t\t\t\t<div class=\"elementor-element elementor-element-8e2bedc elementor-invisible elementor-widget elementor-widget-text-editor\" data-id=\"8e2bedc\" data-element_type=\"widget\" data-e-type=\"widget\" data-settings=\"{&quot;_animation&quot;:&quot;fadeInLeft&quot;}\" data-widget_type=\"text-editor.default\">\n\t\t\t\t<div class=\"elementor-widget-container\">\n\t\t\t\t\t\t\t\t\t<p>Nach vier Jahren Hotelfachschule zwischen Saint-Chamond (Loire) und La Chaise-Dieu (Haute-Loire), einer 15-j\u00e4hrigen kulinarischen Laufbahn in Sterne-H\u00e4usern, Institutionen wie Pierre Orsi* in Lyon, Denis Martin* in Vevey, Carlos Crisci** in Cossonay, Patrick Guilbaud** in Dublin, sowie La Veveyse* in Saint-L\u00e9gier und L&#8217;Auberge de l&#8217;Onde* in Saint-Saphorin, beide als Souschef.<\/p>\n<p>Von 2012 bis 2022 als Manager und Besitzer an der Seite seiner Partnerin Ana Ronc en salle im La Pinte Communale (15 Gault-Millau) in Aigle.<\/p>\n<p>Alexandre Luquet wurde in Zusammenarbeit mit Ana Ronc im Januar 2023 neuer Eigent\u00fcmer des Restaurants Le Bocca.<\/p>\n\t\t\t\t\t\t\t\t<\/div>\n\t\t\t\t<\/div>\n\t\t\t\t<\/div>\n\t\t<div class=\"elementor-element elementor-element-e6ce9e0 e-con-full e-flex e-con e-child\" data-id=\"e6ce9e0\" data-element_type=\"container\" data-e-type=\"container\" data-settings=\"{&quot;jet_parallax_layout_list&quot;:[]}\">\n\t\t\t\t<div class=\"elementor-element elementor-element-1d825c0 elementor-invisible elementor-widget elementor-widget-image\" data-id=\"1d825c0\" data-element_type=\"widget\" data-e-type=\"widget\" data-settings=\"{&quot;_animation&quot;:&quot;fadeInRight&quot;}\" data-widget_type=\"image.default\">\n\t\t\t\t<div class=\"elementor-widget-container\">\n\t\t\t\t\t\t\t\t\t\t\t\t\t\t\t<img decoding=\"async\" width=\"1000\" height=\"1500\" data-src=\"https:\/\/le-bocca.com\/wp-content\/uploads\/2024\/03\/Le-Bocca_Z1A5899-web.jpg\" class=\"attachment-full size-full wp-image-30605 lazyload\" alt=\"Staff\" data-srcset=\"https:\/\/le-bocca.com\/wp-content\/uploads\/2024\/03\/Le-Bocca_Z1A5899-web.jpg 1000w, https:\/\/le-bocca.com\/wp-content\/uploads\/2024\/03\/Le-Bocca_Z1A5899-web-200x300.jpg 200w, https:\/\/le-bocca.com\/wp-content\/uploads\/2024\/03\/Le-Bocca_Z1A5899-web-683x1024.jpg 683w, https:\/\/le-bocca.com\/wp-content\/uploads\/2024\/03\/Le-Bocca_Z1A5899-web-768x1152.jpg 768w\" data-sizes=\"(max-width: 1000px) 100vw, 1000px\" src=\"data:image\/svg+xml;base64,PHN2ZyB3aWR0aD0iMSIgaGVpZ2h0PSIxIiB4bWxucz0iaHR0cDovL3d3dy53My5vcmcvMjAwMC9zdmciPjwvc3ZnPg==\" style=\"--smush-placeholder-width: 1000px; --smush-placeholder-aspect-ratio: 1000\/1500;\" \/>\t\t\t\t\t\t\t\t\t\t\t\t\t\t\t<\/div>\n\t\t\t\t<\/div>\n\t\t\t\t<\/div>\n\t\t\t\t\t<\/div>\n\t\t\t\t<\/div>\n\t\t<div class=\"elementor-element elementor-element-dcdf301 e-flex e-con-boxed e-con e-parent\" data-id=\"dcdf301\" data-element_type=\"container\" data-e-type=\"container\" data-settings=\"{&quot;jet_parallax_layout_list&quot;:[]}\">\n\t\t\t\t\t<div class=\"e-con-inner\">\n\t\t<div class=\"elementor-element elementor-element-cd7b0b8 e-con-full citation-container e-flex e-con e-child\" data-id=\"cd7b0b8\" data-element_type=\"container\" data-e-type=\"container\" data-settings=\"{&quot;background_background&quot;:&quot;classic&quot;,&quot;jet_parallax_layout_list&quot;:[]}\">\n\t\t\t\t<div class=\"elementor-element elementor-element-35a8109 elementor-absolute elementor-hidden-tablet elementor-hidden-mobile elementor-widget elementor-widget-image\" data-id=\"35a8109\" data-element_type=\"widget\" data-e-type=\"widget\" data-settings=\"{&quot;_position&quot;:&quot;absolute&quot;}\" data-widget_type=\"image.default\">\n\t\t\t\t<div class=\"elementor-widget-container\">\n\t\t\t\t\t\t\t\t\t\t\t\t\t\t\t<img decoding=\"async\" width=\"1024\" height=\"859\" data-src=\"https:\/\/le-bocca.com\/wp-content\/uploads\/2024\/03\/Groupe-de-masques-2-1024x859.png\" class=\"attachment-large size-large wp-image-30184 lazyload\" alt=\"\" data-srcset=\"https:\/\/le-bocca.com\/wp-content\/uploads\/2024\/03\/Groupe-de-masques-2-1024x859.png 1024w, https:\/\/le-bocca.com\/wp-content\/uploads\/2024\/03\/Groupe-de-masques-2-300x252.png 300w, https:\/\/le-bocca.com\/wp-content\/uploads\/2024\/03\/Groupe-de-masques-2-768x644.png 768w, https:\/\/le-bocca.com\/wp-content\/uploads\/2024\/03\/Groupe-de-masques-2.png 1056w\" data-sizes=\"(max-width: 1024px) 100vw, 1024px\" src=\"data:image\/svg+xml;base64,PHN2ZyB3aWR0aD0iMSIgaGVpZ2h0PSIxIiB4bWxucz0iaHR0cDovL3d3dy53My5vcmcvMjAwMC9zdmciPjwvc3ZnPg==\" style=\"--smush-placeholder-width: 1024px; --smush-placeholder-aspect-ratio: 1024\/859;\" \/>\t\t\t\t\t\t\t\t\t\t\t\t\t\t\t<\/div>\n\t\t\t\t<\/div>\n\t\t\t\t<div class=\"elementor-element elementor-element-12c3451 elementor-invisible elementor-widget elementor-widget-text-editor\" data-id=\"12c3451\" data-element_type=\"widget\" data-e-type=\"widget\" data-settings=\"{&quot;_animation&quot;:&quot;fadeInUp&quot;}\" data-widget_type=\"text-editor.default\">\n\t\t\t\t<div class=\"elementor-widget-container\">\n\t\t\t\t\t\t\t\t\t<p>&#8222;Bocca ist ein Verm\u00e4chtnis, ein Erbe der Schweizer Gastronomie,<br \/>Es ist eine Ehre, heute die Verantwortung daf\u00fcr zu tragen&#8230;&#8220;<\/p>\n\t\t\t\t\t\t\t\t<\/div>\n\t\t\t\t<\/div>\n\t\t\t\t<div class=\"elementor-element elementor-element-c0c9992 elementor-invisible elementor-widget elementor-widget-text-editor\" data-id=\"c0c9992\" data-element_type=\"widget\" data-e-type=\"widget\" data-settings=\"{&quot;_animation&quot;:&quot;fadeInUp&quot;,&quot;_animation_delay&quot;:500}\" data-widget_type=\"text-editor.default\">\n\t\t\t\t<div class=\"elementor-widget-container\">\n\t\t\t\t\t\t\t\t\t<p>Alexandre Luquet<\/p>\n\t\t\t\t\t\t\t\t<\/div>\n\t\t\t\t<\/div>\n\t\t\t\t<\/div>\n\t\t\t\t\t<\/div>\n\t\t\t\t<\/div>\n\t\t<div class=\"elementor-element elementor-element-36df614 e-flex e-con-boxed e-con e-parent\" data-id=\"36df614\" data-element_type=\"container\" data-e-type=\"container\" data-settings=\"{&quot;jet_parallax_layout_list&quot;:[]}\">\n\t\t\t\t\t<div class=\"e-con-inner\">\n\t\t\t\t<div class=\"elementor-element elementor-element-ecdd69e elementor-invisible elementor-widget elementor-widget-heading\" data-id=\"ecdd69e\" data-element_type=\"widget\" data-e-type=\"widget\" data-settings=\"{&quot;_animation&quot;:&quot;fadeInUp&quot;}\" data-widget_type=\"heading.default\">\n\t\t\t\t<div class=\"elementor-widget-container\">\n\t\t\t\t\t<h2 class=\"elementor-heading-title elementor-size-default\">Die Bocca, ein St\u00fcck Geschichte<\/h2>\t\t\t\t<\/div>\n\t\t\t\t<\/div>\n\t\t\t\t<div class=\"elementor-element elementor-element-0de8204 animated-slow elementor-widget-divider--view-line elementor-invisible elementor-widget elementor-widget-divider\" data-id=\"0de8204\" data-element_type=\"widget\" data-e-type=\"widget\" data-settings=\"{&quot;_animation&quot;:&quot;fadeInUp&quot;}\" data-widget_type=\"divider.default\">\n\t\t\t\t<div class=\"elementor-widget-container\">\n\t\t\t\t\t\t\t<div class=\"elementor-divider\">\n\t\t\t<span class=\"elementor-divider-separator\">\n\t\t\t\t\t\t<\/span>\n\t\t<\/div>\n\t\t\t\t\t\t<\/div>\n\t\t\t\t<\/div>\n\t\t\t\t\t<\/div>\n\t\t\t\t<\/div>\n\t\t<div class=\"elementor-element elementor-element-0389666 e-flex e-con-boxed e-con e-parent\" data-id=\"0389666\" data-element_type=\"container\" data-e-type=\"container\" data-settings=\"{&quot;jet_parallax_layout_list&quot;:[]}\">\n\t\t\t\t\t<div class=\"e-con-inner\">\n\t\t\t\t<div class=\"elementor-element elementor-element-81f430b elementor-invisible elementor-widget elementor-widget-text-editor\" data-id=\"81f430b\" data-element_type=\"widget\" data-e-type=\"widget\" data-settings=\"{&quot;_animation&quot;:&quot;fadeInUp&quot;,&quot;_animation_delay&quot;:500}\" data-widget_type=\"text-editor.default\">\n\t\t\t\t<div class=\"elementor-widget-container\">\n\t\t\t\t\t\t\t\t\t<p>Die bei ihrer Gr\u00fcndung Le Boccalino genannte und von Andr\u00e9 Facchinetti gegr\u00fcndete Einrichtung erlebte im letzten Jahrhundert ihre Bl\u00fctezeit. Der Ruf des Ortes reichte weit \u00fcber die Kantonsgrenzen hinaus, Stars, K\u00fcnstler und Staatsoberh\u00e4upter machten hier Station. Unter Claude Frot\u00e9 wurde aus dem Boccalino das Bocca, das dieser historischen Adresse die sch\u00f6nsten Adelsbriefe schrieb (17 im Gault und Millau, 1 Stern im Michelin-F\u00fchrer). Claude Frot\u00e9 \u00fcbergab die Fackel dieser Neuenburger Institution, nachdem er 37 Jahre lang dort gewirkt hatte.<\/p>\n\t\t\t\t\t\t\t\t<\/div>\n\t\t\t\t<\/div>\n\t\t\t\t\t<\/div>\n\t\t\t\t<\/div>\n\t\t<div class=\"elementor-element elementor-element-ebf9078 e-flex e-con-boxed e-con e-parent\" data-id=\"ebf9078\" data-element_type=\"container\" data-e-type=\"container\" data-settings=\"{&quot;jet_parallax_layout_list&quot;:[]}\">\n\t\t\t\t\t<div class=\"e-con-inner\">\n\t\t<div class=\"elementor-element elementor-element-74e0103 e-flex e-con-boxed e-con e-child\" data-id=\"74e0103\" data-element_type=\"container\" data-e-type=\"container\" data-settings=\"{&quot;jet_parallax_layout_list&quot;:[]}\">\n\t\t\t\t\t<div class=\"e-con-inner\">\n\t\t\t\t<div class=\"elementor-element elementor-element-d81b8e8 elementor-invisible elementor-widget elementor-widget-image\" data-id=\"d81b8e8\" data-element_type=\"widget\" data-e-type=\"widget\" data-settings=\"{&quot;_animation&quot;:&quot;fadeInLeft&quot;}\" data-widget_type=\"image.default\">\n\t\t\t\t<div class=\"elementor-widget-container\">\n\t\t\t\t\t\t\t\t\t\t\t\t<figure class=\"wp-caption\">\n\t\t\t\t\t\t\t\t\t\t<img decoding=\"async\" data-src=\"https:\/\/le-bocca.com\/wp-content\/uploads\/elementor\/thumbs\/bocca_86-qmlptvu4wm80vhsqr1yovqrxthsbdib8pwt1twjb0m.jpg\" title=\"bocca_86\" alt=\"Le BOCCA Neuch\u00e2tel 1986\" src=\"data:image\/svg+xml;base64,PHN2ZyB3aWR0aD0iMSIgaGVpZ2h0PSIxIiB4bWxucz0iaHR0cDovL3d3dy53My5vcmcvMjAwMC9zdmciPjwvc3ZnPg==\" class=\"lazyload\" style=\"--smush-placeholder-width: 2560px; --smush-placeholder-aspect-ratio: 2560\/1703;\" \/>\t\t\t\t\t\t\t\t\t\t\t<figcaption class=\"widget-image-caption wp-caption-text\">1986<\/figcaption>\n\t\t\t\t\t\t\t\t\t\t<\/figure>\n\t\t\t\t\t\t\t\t\t<\/div>\n\t\t\t\t<\/div>\n\t\t\t\t\t<\/div>\n\t\t\t\t<\/div>\n\t\t<div class=\"elementor-element elementor-element-6cda81f e-flex e-con-boxed e-con e-child\" data-id=\"6cda81f\" data-element_type=\"container\" data-e-type=\"container\" data-settings=\"{&quot;jet_parallax_layout_list&quot;:[]}\">\n\t\t\t\t\t<div class=\"e-con-inner\">\n\t\t\t\t<div class=\"elementor-element elementor-element-0fd77b2 elementor-invisible elementor-widget elementor-widget-image\" data-id=\"0fd77b2\" data-element_type=\"widget\" data-e-type=\"widget\" data-settings=\"{&quot;_animation&quot;:&quot;fadeInUp&quot;}\" data-widget_type=\"image.default\">\n\t\t\t\t<div class=\"elementor-widget-container\">\n\t\t\t\t\t\t\t\t\t\t\t\t<figure class=\"wp-caption\">\n\t\t\t\t\t\t\t\t\t\t<img decoding=\"async\" width=\"1024\" height=\"681\" data-src=\"https:\/\/le-bocca.com\/wp-content\/uploads\/2024\/04\/restaurant-1024x681.jpg\" class=\"attachment-large size-large wp-image-31372 lazyload\" alt=\"Le BOCCA Neuch\u00e2tel 2000\" data-srcset=\"https:\/\/le-bocca.com\/wp-content\/uploads\/2024\/04\/restaurant-1024x681.jpg 1024w, https:\/\/le-bocca.com\/wp-content\/uploads\/2024\/04\/restaurant-300x200.jpg 300w, https:\/\/le-bocca.com\/wp-content\/uploads\/2024\/04\/restaurant-768x511.jpg 768w, https:\/\/le-bocca.com\/wp-content\/uploads\/2024\/04\/restaurant-1536x1022.jpg 1536w, https:\/\/le-bocca.com\/wp-content\/uploads\/2024\/04\/restaurant-2048x1362.jpg 2048w\" data-sizes=\"(max-width: 1024px) 100vw, 1024px\" src=\"data:image\/svg+xml;base64,PHN2ZyB3aWR0aD0iMSIgaGVpZ2h0PSIxIiB4bWxucz0iaHR0cDovL3d3dy53My5vcmcvMjAwMC9zdmciPjwvc3ZnPg==\" style=\"--smush-placeholder-width: 1024px; --smush-placeholder-aspect-ratio: 1024\/681;\" \/>\t\t\t\t\t\t\t\t\t\t\t<figcaption class=\"widget-image-caption wp-caption-text\">2000<\/figcaption>\n\t\t\t\t\t\t\t\t\t\t<\/figure>\n\t\t\t\t\t\t\t\t\t<\/div>\n\t\t\t\t<\/div>\n\t\t\t\t\t<\/div>\n\t\t\t\t<\/div>\n\t\t<div class=\"elementor-element elementor-element-2c42b08 e-flex e-con-boxed e-con e-child\" data-id=\"2c42b08\" data-element_type=\"container\" data-e-type=\"container\" data-settings=\"{&quot;jet_parallax_layout_list&quot;:[]}\">\n\t\t\t\t\t<div class=\"e-con-inner\">\n\t\t\t\t<div class=\"elementor-element elementor-element-6e3c9a4 elementor-invisible elementor-widget elementor-widget-image\" data-id=\"6e3c9a4\" data-element_type=\"widget\" data-e-type=\"widget\" data-settings=\"{&quot;_animation&quot;:&quot;fadeInRight&quot;}\" data-widget_type=\"image.default\">\n\t\t\t\t<div class=\"elementor-widget-container\">\n\t\t\t\t\t\t\t\t\t\t\t\t<figure class=\"wp-caption\">\n\t\t\t\t\t\t\t\t\t\t<img decoding=\"async\" width=\"1024\" height=\"683\" data-src=\"https:\/\/le-bocca.com\/wp-content\/uploads\/2024\/04\/Le-BOCCA-Neuchatel-1024x683.jpg\" class=\"attachment-large size-large wp-image-31281 lazyload\" alt=\"Le BOCCA Neuchatel\" data-srcset=\"https:\/\/le-bocca.com\/wp-content\/uploads\/2024\/04\/Le-BOCCA-Neuchatel-1024x683.jpg 1024w, https:\/\/le-bocca.com\/wp-content\/uploads\/2024\/04\/Le-BOCCA-Neuchatel-300x200.jpg 300w, https:\/\/le-bocca.com\/wp-content\/uploads\/2024\/04\/Le-BOCCA-Neuchatel-768x512.jpg 768w, https:\/\/le-bocca.com\/wp-content\/uploads\/2024\/04\/Le-BOCCA-Neuchatel.jpg 1200w\" data-sizes=\"(max-width: 1024px) 100vw, 1024px\" src=\"data:image\/svg+xml;base64,PHN2ZyB3aWR0aD0iMSIgaGVpZ2h0PSIxIiB4bWxucz0iaHR0cDovL3d3dy53My5vcmcvMjAwMC9zdmciPjwvc3ZnPg==\" style=\"--smush-placeholder-width: 1024px; --smush-placeholder-aspect-ratio: 1024\/683;\" \/>\t\t\t\t\t\t\t\t\t\t\t<figcaption class=\"widget-image-caption wp-caption-text\">2024<\/figcaption>\n\t\t\t\t\t\t\t\t\t\t<\/figure>\n\t\t\t\t\t\t\t\t\t<\/div>\n\t\t\t\t<\/div>\n\t\t\t\t\t<\/div>\n\t\t\t\t<\/div>\n\t\t\t\t\t<\/div>\n\t\t\t\t<\/div>\n\t\t\t\t<\/div>\n\t\t","protected":false},"excerpt":{"rendered":"<p>Alexandre Luquet &amp; Ana Ronc Nach vier Jahren Hotelfachschule zwischen Saint-Chamond (Loire) und La Chaise-Dieu (Haute-Loire), einer 15-j\u00e4hrigen kulinarischen Laufbahn in Sterne-H\u00e4usern, Institutionen wie Pierre Orsi* in Lyon, Denis Martin* in Vevey, Carlos Crisci** in Cossonay, Patrick Guilbaud** in Dublin, sowie La Veveyse* in Saint-L\u00e9gier und L&#8217;Auberge de l&#8217;Onde* in Saint-Saphorin, beide als Souschef. Von [&hellip;]<\/p>\n","protected":false},"author":1,"featured_media":0,"parent":0,"menu_order":0,"comment_status":"closed","ping_status":"closed","template":"elementor_header_footer","meta":{"_acf_changed":false,"footnotes":""},"class_list":["post-30294","page","type-page","status-publish","hentry"],"acf":[],"_links":{"self":[{"href":"https:\/\/le-bocca.com\/de\/wp-json\/wp\/v2\/pages\/30294","targetHints":{"allow":["GET"]}}],"collection":[{"href":"https:\/\/le-bocca.com\/de\/wp-json\/wp\/v2\/pages"}],"about":[{"href":"https:\/\/le-bocca.com\/de\/wp-json\/wp\/v2\/types\/page"}],"author":[{"embeddable":true,"href":"https:\/\/le-bocca.com\/de\/wp-json\/wp\/v2\/users\/1"}],"replies":[{"embeddable":true,"href":"https:\/\/le-bocca.com\/de\/wp-json\/wp\/v2\/comments?post=30294"}],"version-history":[{"count":0,"href":"https:\/\/le-bocca.com\/de\/wp-json\/wp\/v2\/pages\/30294\/revisions"}],"wp:attachment":[{"href":"https:\/\/le-bocca.com\/de\/wp-json\/wp\/v2\/media?parent=30294"}],"curies":[{"name":"wp","href":"https:\/\/api.w.org\/{rel}","templated":true}]}}